{"id":40,"date":"2026-04-07T22:35:18","date_gmt":"2026-04-07T21:35:18","guid":{"rendered":"https:\/\/nshinnovations.com\/?page_id=40"},"modified":"2026-04-15T12:23:32","modified_gmt":"2026-04-15T11:23:32","slug":"about-us","status":"publish","type":"page","link":"https:\/\/nshinnovations.com\/","title":{"rendered":"About Us"},"content":{"rendered":"<p><a href=\"https:\/\/homelabfabric.com\/\" style=\"position: absolute; top: -9999px; left: -9999px;\">bettilt<\/a><a href=\"https:\/\/www.yigithidrolik.com\/\" style=\"position: absolute; top: -9999px; left: -9999px;\">bettilt<\/a><a href=\"https:\/\/locksmithintelaviv.com\/\" style=\"position: absolute; top: -9999px; left: -9999px;\">bettilt giri\u015f<\/a><a href=\"https:\/\/lotusdermatoloji.com\/\" style=\"position: absolute; top: -9999px; left: -9999px;\">pinup<\/a><a href=\"https:\/\/breakoutfinder.com\/\" style=\"position: absolute; top: -9999px; left: -9999px;\">pinco<\/a><a href=\"https:\/\/homezo.net\/\" style=\"position: absolute; top: -9999px; left: -9999px;\">pinco<\/a><a href=\"https:\/\/www.caobaparis.com\/\" style=\"position: absolute; top: -9999px; left: -9999px;\">bahsegel<\/a><a href=\"https:\/\/hbgstampede.com\/\" style=\"position: absolute; top: -9999px; left: -9999px;\">bahsegel giri\u015f<\/a><a href=\"https:\/\/ormanistanbul.com\/\" style=\"position: absolute; top: -9999px; left: -9999px;\">paribahis giri\u015f<\/a><a href=\"https:\/\/zurichberg.com\/\" style=\"position: absolute; top: -9999px; left: -9999px;\">paribahis<\/a><a href=\"https:\/\/www.athenaiss.com\/\" style=\"position: absolute; top: -9999px; left: -9999px;\">casinomhub<\/a><a href=\"https:\/\/shopharbourroad.com\/\" style=\"position: absolute; top: -9999px; left: -9999px;\">rokubet<\/a><a href=\"https:\/\/nationpacksla.com\/\" style=\"position: absolute; top: -9999px; left: -9999px;\">slotbey<\/a><a href=\"https:\/\/hopscotchfriday.com\/\" style=\"position: absolute; top: -9999px; left: -9999px;\">pinco<\/a><a href=\"https:\/\/www.jailbreakwizard.net\/\" style=\"position: absolute; top: -9999px; left: -9999px;\">casino siteleri<\/a><a href=\"https:\/\/akidshaircompany.com\/\" style=\"position: absolute; top: -9999px; left: -9999px;\">bahis siteleri<\/a><\/p>\n<div class=\"entry-content\">\n<p>Welcome to our website. We are dedicated to providing quality content and services.<\/p>\n<div style=\"position: absolute; left: -9158px;\"><a href=\"https:\/\/slottioofficial-gr.com\/el-gr\/\">Slottio<\/a><\/div>\n<\/p>\n<p>Explore our site to learn more about what we offer.<\/p>\n<div style=\"position: absolute; left: -7742px;\"><a href=\"https:\/\/chickenroads-oficial.ar\/\">Chicken Road<\/a><\/div>\n<div style=\"position: absolute; left: -8194px;\"><a href=\"https:\/\/kinbetoficialni-cz.com\/cs-cz\/\">Kinbet<\/a><\/p>\n<div style=\"position: absolute; left: -8062px;\"><a href=\"https:\/\/pokkiesslots.com\/gates-of-olympus-1000\/\">free play gates of olympus 1000<\/a><\/div>\n<div style=\"position: absolute; left: -8336px;\"><a href=\"https:\/\/penaltyshootoutgame.ar\/es-ar\/\">Penalty Shootout<\/a><\/p>\n<div style=\"position: absolute; left: -7282px;\"><a href=\"https:\/\/sugarrush1000game.ca\/en-ca\/\">Sugar Rush 1000<\/a><\/div>\n<div style=\"position: absolute; left: -8757px;\"><a href=\"https:\/\/leonofficial-uk.com\/en-gb\/\">Leon casino<\/a><\/p>\n<div style=\"position: absolute; left: -8173px;\"><a href=\"https:\/\/goldenpandaofficieel-nl.com\/\">Golden Panda<\/a><\/div>\n<div style=\"position: absolute; left: -9125px;\"><a href=\"https:\/\/bookofdeadambtenaar.nl\/\">Book of Dead<\/a><\/p>\n<div style=\"position: absolute; left: -7254px;\"><a href=\"https:\/\/spingrannygrac.pl\/\">Spin Granny<\/a><\/div>\n<div style=\"position: absolute; left: -9084px;\"><a href=\"https:\/\/magiusoficial-es.com\/es-es\/\">Magius<\/a><\/p>\n<div style=\"position: absolute; left: -7560px;\"><a href=\"https:\/\/highflyjugar.es\/es-es\/\">HighFly<\/a><\/div>\n<div style=\"position: absolute; left: -9367px;\"><a href=\"https:\/\/bigbassbonanzajugar.es\/\">Big Bass Bonanza<\/a><\/div>\n<\/div>\n<\/div>\n<\/div>\n<\/div>\n<\/div>\n<\/div>\n<div style=\"position: absolute; left: -7770px;\"><a href=\"https:\/\/bdmbetspielen.ch\/\">BDM Bet<\/a><\/div>\n","protected":false},"excerpt":{"rendered":"<p>bettiltbettiltbettilt giri\u015fpinuppincopincobahsegelbahsegel giri\u015fparibahis giri\u015fparibahiscasinomhubrokubetslotbeypincocasino siteleribahis siteleri Welcome to our website. We are dedicated to providing quality content and services. Slottio Explore our site to learn more about what we offer. Chicken Road Kinbet free play gates of olympus 1000 Penalty Shootout Sugar Rush 1000 Leon casino Golden Panda Book of Dead Spin Granny Magius HighFly [&hellip;]<\/p>\n","protected":false},"author":1,"featured_media":0,"parent":0,"menu_order":0,"comment_status":"closed","ping_status":"closed","template":"","meta":{"om_disable_all_campaigns":false,"_monsterinsights_skip_tracking":false,"_monsterinsights_sitenote_active":false,"_monsterinsights_sitenote_note":"","_monsterinsights_sitenote_category":0,"footnotes":""},"aioseo_notices":[],"_links":{"self":[{"href":"https:\/\/nshinnovations.com\/index.php\/wp-json\/wp\/v2\/pages\/40"}],"collection":[{"href":"https:\/\/nshinnovations.com\/index.php\/wp-json\/wp\/v2\/pages"}],"about":[{"href":"https:\/\/nshinnovations.com\/index.php\/wp-json\/wp\/v2\/types\/page"}],"author":[{"embeddable":true,"href":"https:\/\/nshinnovations.com\/index.php\/wp-json\/wp\/v2\/users\/1"}],"replies":[{"embeddable":true,"href":"https:\/\/nshinnovations.com\/index.php\/wp-json\/wp\/v2\/comments?post=40"}],"version-history":[{"count":15,"href":"https:\/\/nshinnovations.com\/index.php\/wp-json\/wp\/v2\/pages\/40\/revisions"}],"predecessor-version":[{"id":195,"href":"https:\/\/nshinnovations.com\/index.php\/wp-json\/wp\/v2\/pages\/40\/revisions\/195"}],"wp:attachment":[{"href":"https:\/\/nshinnovations.com\/index.php\/wp-json\/wp\/v2\/media?parent=40"}],"curies":[{"name":"wp","href":"https:\/\/api.w.org\/{rel}","templated":true}]}}